{"id":2093,"date":"2024-06-13T13:08:08","date_gmt":"2024-06-13T12:08:08","guid":{"rendered":"https:\/\/nagyhazi.hu\/social-responsibility\/previous-charity-auctions\/"},"modified":"2025-04-05T10:01:39","modified_gmt":"2025-04-05T09:01:39","slug":"previous-charity-auctions","status":"publish","type":"page","link":"https:\/\/nagyhazi.hu\/en\/social-responsibility\/previous-charity-auctions\/","title":{"rendered":"Previous Charity Auctions"},"content":{"rendered":"<div class=\"wpb-content-wrapper\"><p>[vc_row row_height_percent=&#8221;0&#8243; override_padding=&#8221;yes&#8221; h_padding=&#8221;2&#8243; top_padding=&#8221;2&#8243; bottom_padding=&#8221;0&#8243; back_image=&#8221;121&#8243; back_repeat=&#8221;repeat-x&#8221; back_position=&#8221;center bottom&#8221; overlay_alpha=&#8221;50&#8243; gutter_size=&#8221;3&#8243; column_width_percent=&#8221;100&#8243; shift_y=&#8221;0&#8243; z_index=&#8221;0&#8243; uncode_shortcode_id=&#8221;314882&#8243; back_size=&#8221;600px&#8221; el_class=&#8221;section&#8211;header-pattern&#8221;][vc_column column_width_percent=&#8221;100&#8243; gutter_size=&#8221;3&#8243; overlay_alpha=&#8221;50&#8243; shift_x=&#8221;0&#8243; shift_y=&#8221;0&#8243; shift_y_down=&#8221;0&#8243; z_index=&#8221;0&#8243; medium_width=&#8221;0&#8243; mobile_width=&#8221;0&#8243; width=&#8221;1\/1&#8243; uncode_shortcode_id=&#8221;732318&#8243;][\/vc_column][\/vc_row][vc_row row_height_percent=&#8221;0&#8243; override_padding=&#8221;yes&#8221; h_padding=&#8221;2&#8243; top_padding=&#8221;0&#8243; bottom_padding=&#8221;2&#8243; back_image=&#8221;121&#8243; back_repeat=&#8221;repeat&#8221; back_position=&#8221;center top&#8221; overlay_alpha=&#8221;100&#8243; gutter_size=&#8221;3&#8243; column_width_percent=&#8221;100&#8243; shift_y=&#8221;0&#8243; z_index=&#8221;0&#8243; uncode_shortcode_id=&#8221;206668&#8243; back_size=&#8221;600px&#8221; el_class=&#8221;section&#8211;header-pattern&#8221; overlay_color_type=&#8221;uncode-gradient&#8221; overlay_color_gradient=&#8221;{&#8220;css&#8220;:&#8220;background: linear-gradient(to top , rgb(255, 255, 255) 46% , rgba(255, 255, 255, 0.13) 100%);&#8220;,&#8220;sliders&#8220;:`{`{&#8220;color&#8220;:&#8220;rgb(255, 255, 255)&#8220;,&#8220;position&#8220;:46},{&#8220;color&#8220;:&#8220;rgba(255, 255, 255, 0.13)&#8220;,&#8220;position&#8220;:100}`}`,&#8220;type&#8220;:&#8220;linear&#8220;,&#8220;direction&#8220;:&#8220;bottom&#8220;}&#8221;][vc_column column_width_percent=&#8221;100&#8243; position_vertical=&#8221;middle&#8221; align_horizontal=&#8221;align_center&#8221; gutter_size=&#8221;3&#8243; overlay_alpha=&#8221;100&#8243; shift_x=&#8221;0&#8243; shift_y=&#8221;0&#8243; shift_y_down=&#8221;0&#8243; z_index=&#8221;0&#8243; medium_width=&#8221;0&#8243; mobile_width=&#8221;0&#8243; width=&#8221;1\/1&#8243; uncode_shortcode_id=&#8221;132365&#8243;][vc_custom_heading auto_text=&#8221;yes&#8221; text_font=&#8221;font-pf&#8221; text_size=&#8221;custom&#8221; text_weight=&#8221;400&#8243; uncode_shortcode_id=&#8221;156381&#8243; heading_custom_size=&#8221;50px&#8221;][\/vc_custom_heading][vc_row_inner row_inner_height_percent=&#8221;0&#8243; overlay_alpha=&#8221;50&#8243; gutter_size=&#8221;3&#8243; shift_y=&#8221;0&#8243; z_index=&#8221;0&#8243; limit_content=&#8221;&#8221; uncode_shortcode_id=&#8221;126331&#8243;][vc_column_inner column_width_use_pixel=&#8221;yes&#8221; gutter_size=&#8221;3&#8243; overlay_alpha=&#8221;50&#8243; shift_x=&#8221;0&#8243; shift_y=&#8221;0&#8243; shift_y_down=&#8221;0&#8243; z_index=&#8221;0&#8243; medium_width=&#8221;0&#8243; mobile_width=&#8221;0&#8243; width=&#8221;1\/1&#8243; uncode_shortcode_id=&#8221;446621&#8243; column_width_pixel=&#8221;720&#8243;][vc_column_text uncode_shortcode_id=&#8221;162870&#8243;]<strong><span lang=\"HU\">In the life of an auction house, the most effective form of social responsibility is organizing charity auctions. In the past two decades, the Nagyh\u00e1zi Gallery has held several successful charity auctions whose proceeds have provided assistance to those in need. These auctions were initiated and contributed to by notable public figures such as former presidents \u00c1rp\u00e1d G\u00f6ncz, L\u00e1szl\u00f3 S\u00f3lyom, and J\u00e1nos \u00c1der, flutist Eszter Horgas, and medical professor L\u00f3r\u00e1nd Fr\u00e1ter from Szeged. Our successful charity auctions include, without intending to be exhaustive:   <\/span><\/strong>[\/vc_column_text][\/vc_column_inner][\/vc_row_inner][\/vc_column][\/vc_row][vc_row][vc_column column_width_use_pixel=&#8221;yes&#8221; gutter_size=&#8221;3&#8243; overlay_alpha=&#8221;50&#8243; shift_x=&#8221;0&#8243; shift_y=&#8221;0&#8243; shift_y_down=&#8221;0&#8243; z_index=&#8221;0&#8243; medium_width=&#8221;0&#8243; mobile_width=&#8221;0&#8243; width=&#8221;1\/1&#8243; uncode_shortcode_id=&#8221;141347&#8243; column_width_pixel=&#8221;720&#8243;][uncode_list icon=&#8221;fa fa-minus&#8221; icon_color=&#8221;color-115834&#8243; uncode_shortcode_id=&#8221;162512&#8243; icon_color_type=&#8221;uncode-palette&#8221;]<\/p>\n<ul>\n<li><strong><span lang=\"HU\">2000-2001<\/span><\/strong> <span lang=\"HU\">Charity auction initiated by \u00c1rp\u00e1d G\u00f6ncz for the benefit of the K\u00e9zenfogva Foundation supporting people with disabilities<\/span><\/li>\n<li><strong><span lang=\"HU\">2000<\/span><\/strong> <span lang=\"HU\">Charity auction to support the construction of the Timi\u0219oara Reformed Center <\/span><\/li>\n<li><strong><span lang=\"HU\">2004<\/span><\/strong> <span lang=\"HU\">Charity auction for the benefit of cancer-affected children under the care of Bethesda Children&#8217;s Hospital <\/span><\/li>\n<li><strong><span lang=\"HU\">2005 <\/span><\/strong><span lang=\"HU\">Charity auction, organized together with the National Museum and Kossuth Radio, for the benefit of flood victims <\/span><\/li>\n<li><strong><span lang=\"HU\">2005<\/span><\/strong> <span lang=\"HU\">Charity auction for the benefit of the D\u00e9vai Saint Francis Foundation, which helps orphans and underprivileged children<\/span><\/li>\n<li><span lang=\"HU\"><strong>2011-2012<\/strong><\/span> <span lang=\"HU\">Charity auction of ceramics from the Zsolnay building for the benefit of the Museum of Applied Arts <\/span><\/li>\n<li><strong><span lang=\"HU\">2011<\/span><\/strong> <span lang=\"HU\">Charity auction organized from the presidential gifts of former president of the republic, L\u00e1szl\u00f3 S\u00f3lyom for the benefit of the Rehabilitation Spiritual Home for Childhood Cancer Patients in Bakonyszucs<\/span><\/li>\n<li><strong><span lang=\"HU\">2013<\/span><\/strong> <span lang=\"HU\">Charity auction for the benefit of the Pro Libertate Foundation <\/span><\/li>\n<li><strong><span lang=\"HU\">2015<\/span><\/strong><span lang=\"HU\"> Contribution from flutist Eszter Horgas from the legacy of composer and pianist Gy\u00f6rgy Vuk\u00e1n to support young musical talents <\/span><\/li>\n<li><strong><span lang=\"HU\">2021<\/span><\/strong> <span lang=\"HU\">Charity auction from the legacy of medical professor L\u00f3r\u00e1nd Fr\u00e1ter for the benefit of the Dr. Fr\u00e1ter L\u00f3r\u00e1nd \u2013 For Medicine and Art Foundation <\/span><\/li>\n<li><strong><span lang=\"HU\">2022<\/span><\/strong> <span lang=\"HU\">Charity auction for the benefit of the Heim P\u00e1l National Pediatric Institute<\/span><\/li>\n<li><strong><span lang=\"HU\">2022<\/span><\/strong> <span lang=\"HU\">Charity auction for the benefit of Covid orphans supported by the Reg\u0151czi Foundation I-II.<\/span><\/li>\n<\/ul>\n<p>[\/uncode_list][\/vc_column][\/vc_row]<\/p>\n<\/div>","protected":false},"excerpt":{"rendered":"<p>[vc_row row_height_percent=&#8221;0&#8243; override_padding=&#8221;yes&#8221; h_padding=&#8221;2&#8243; top_padding=&#8221;2&#8243; bottom_padding=&#8221;0&#8243; back_image=&#8221;121&#8243; back_repeat=&#8221;repeat-x&#8221; back_position=&#8221;center bottom&#8221; overlay_alpha=&#8221;50&#8243; gutter_size=&#8221;3&#8243; column_width_percent=&#8221;100&#8243; shift_y=&#8221;0&#8243; z_index=&#8221;0&#8243; uncode_shortcode_id=&#8221;314882&#8243; back_size=&#8221;600px&#8221; el_class=&#8221;section&#8211;header-pattern&#8221;][vc_column column_width_percent=&#8221;100&#8243; gutter_size=&#8221;3&#8243; [&hellip;]<\/p>\n","protected":false},"author":1,"featured_media":0,"parent":1922,"menu_order":0,"comment_status":"closed","ping_status":"closed","template":"","meta":{"_acf_changed":false,"_seopress_robots_primary_cat":"","_seopress_titles_title":"","_seopress_titles_desc":"","_seopress_robots_index":"","footnotes":""},"class_list":["post-2093","page","type-page","status-publish","hentry"],"acf":[],"_links":{"self":[{"href":"https:\/\/nagyhazi.hu\/en\/wp-json\/wp\/v2\/pages\/2093","targetHints":{"allow":["GET"]}}],"collection":[{"href":"https:\/\/nagyhazi.hu\/en\/wp-json\/wp\/v2\/pages"}],"about":[{"href":"https:\/\/nagyhazi.hu\/en\/wp-json\/wp\/v2\/types\/page"}],"author":[{"embeddable":true,"href":"https:\/\/nagyhazi.hu\/en\/wp-json\/wp\/v2\/users\/1"}],"replies":[{"embeddable":true,"href":"https:\/\/nagyhazi.hu\/en\/wp-json\/wp\/v2\/comments?post=2093"}],"version-history":[{"count":1,"href":"https:\/\/nagyhazi.hu\/en\/wp-json\/wp\/v2\/pages\/2093\/revisions"}],"predecessor-version":[{"id":2094,"href":"https:\/\/nagyhazi.hu\/en\/wp-json\/wp\/v2\/pages\/2093\/revisions\/2094"}],"up":[{"embeddable":true,"href":"https:\/\/nagyhazi.hu\/en\/wp-json\/wp\/v2\/pages\/1922"}],"wp:attachment":[{"href":"https:\/\/nagyhazi.hu\/en\/wp-json\/wp\/v2\/media?parent=2093"}],"curies":[{"name":"wp","href":"https:\/\/api.w.org\/{rel}","templated":true}]}}