{"id":1929,"date":"2024-06-13T13:06:31","date_gmt":"2024-06-13T12:06:31","guid":{"rendered":"https:\/\/nagyhazi.hu\/our-partners\/"},"modified":"2025-04-04T08:49:49","modified_gmt":"2025-04-04T07:49:49","slug":"our-partners","status":"publish","type":"page","link":"https:\/\/nagyhazi.hu\/en\/about-us\/our-partners\/","title":{"rendered":"Our partners"},"content":{"rendered":"<div class=\"wpb-content-wrapper\"><p>[vc_row row_height_percent=&#8221;0&#8243; override_padding=&#8221;yes&#8221; h_padding=&#8221;2&#8243; top_padding=&#8221;2&#8243; bottom_padding=&#8221;0&#8243; back_image=&#8221;121&#8243; back_repeat=&#8221;repeat-x&#8221; back_position=&#8221;center bottom&#8221; overlay_alpha=&#8221;50&#8243; gutter_size=&#8221;3&#8243; column_width_percent=&#8221;100&#8243; shift_y=&#8221;0&#8243; z_index=&#8221;0&#8243; uncode_shortcode_id=&#8221;314882&#8243; back_size=&#8221;600px&#8221; el_class=&#8221;section&#8211;header-pattern&#8221;][vc_column column_width_percent=&#8221;100&#8243; gutter_size=&#8221;3&#8243; overlay_alpha=&#8221;50&#8243; shift_x=&#8221;0&#8243; shift_y=&#8221;0&#8243; shift_y_down=&#8221;0&#8243; z_index=&#8221;0&#8243; medium_width=&#8221;0&#8243; mobile_width=&#8221;0&#8243; width=&#8221;1\/1&#8243; uncode_shortcode_id=&#8221;732318&#8243;][\/vc_column][\/vc_row][vc_row row_height_percent=&#8221;0&#8243; override_padding=&#8221;yes&#8221; h_padding=&#8221;2&#8243; top_padding=&#8221;0&#8243; bottom_padding=&#8221;3&#8243; back_image=&#8221;121&#8243; back_repeat=&#8221;repeat&#8221; back_position=&#8221;center top&#8221; overlay_alpha=&#8221;100&#8243; gutter_size=&#8221;3&#8243; column_width_use_pixel=&#8221;yes&#8221; shift_y=&#8221;0&#8243; z_index=&#8221;0&#8243; uncode_shortcode_id=&#8221;793136&#8243; back_size=&#8221;600px&#8221; el_class=&#8221;section&#8211;header&#8221; overlay_color_type=&#8221;uncode-gradient&#8221; overlay_color_gradient=&#8221;{&#8220;css&#8220;:&#8220;background: linear-gradient(to top , rgb(255, 255, 255) 46% , rgba(255, 255, 255, 0.13) 100%);&#8220;,&#8220;sliders&#8220;:`{`{&#8220;color&#8220;:&#8220;rgb(255, 255, 255)&#8220;,&#8220;position&#8220;:46},{&#8220;color&#8220;:&#8220;rgba(255, 255, 255, 0.13)&#8220;,&#8220;position&#8220;:100}`}`,&#8220;type&#8220;:&#8220;linear&#8220;,&#8220;direction&#8220;:&#8220;bottom&#8220;}&#8221; column_width_pixel=&#8221;770&#8243;][vc_column column_width_percent=&#8221;100&#8243; position_vertical=&#8221;bottom&#8221; align_horizontal=&#8221;align_center&#8221; gutter_size=&#8221;3&#8243; overlay_alpha=&#8221;100&#8243; shift_x=&#8221;0&#8243; shift_y=&#8221;0&#8243; shift_y_down=&#8221;0&#8243; z_index=&#8221;0&#8243; medium_width=&#8221;0&#8243; mobile_width=&#8221;0&#8243; width=&#8221;1\/1&#8243; uncode_shortcode_id=&#8221;842379&#8243;][vc_custom_heading auto_text=&#8221;yes&#8221; text_color=&#8221;color-115834&#8243; heading_semantic=&#8221;h6&#8243; text_size=&#8221;fontsize-12&#8243; text_weight=&#8221;800&#8243; text_transform=&#8221;uppercase&#8221; text_space=&#8221;fontspace-30&#8243; uncode_shortcode_id=&#8221;561564&#8243; text_color_type=&#8221;uncode-palette&#8221;]K\u00dcLDET\u00c9S\u00dcNK[\/vc_custom_heading][vc_custom_heading text_font=&#8221;font-pf&#8221; text_size=&#8221;custom&#8221; text_weight=&#8221;400&#8243; uncode_shortcode_id=&#8221;927667&#8243; heading_custom_size=&#8221;50px&#8221;]Cooperation established to preserve artistic values[\/vc_custom_heading][vc_empty_space][vc_row_inner limit_content=&#8221;&#8221;][vc_column_inner width=&#8221;1\/1&#8243;][vc_column_text uncode_shortcode_id=&#8221;132725&#8243;]<strong>We guarantee that every artwork goes to the most revelant expert with restorers, art historians, and logistics partners involved; be it restoration, transportation, or sale.<\/strong>[\/vc_column_text][\/vc_column_inner][\/vc_row_inner][\/vc_column][\/vc_row][vc_row row_height_percent=&#8221;0&#8243; override_padding=&#8221;yes&#8221; h_padding=&#8221;2&#8243; top_padding=&#8221;3&#8243; bottom_padding=&#8221;3&#8243; back_color=&#8221;color-sc&#8221; overlay_alpha=&#8221;50&#8243; gutter_size=&#8221;3&#8243; column_width_percent=&#8221;100&#8243; shift_y=&#8221;0&#8243; z_index=&#8221;0&#8243; uncode_shortcode_id=&#8221;183405&#8243; back_color_type=&#8221;uncode-palette&#8221;][vc_column width=&#8221;1\/1&#8243;][vc_gallery el_id=&#8221;gallery-384689&#8243; type=&#8221;css_grid&#8221; medias=&#8221;490,992,492,493,494&#8243; grid_items=&#8221;5&#8243; screen_lg_items=&#8221;3&#8243; screen_lg_breakpoint=&#8221;1000&#8243; screen_md_items=&#8221;2&#8243; screen_md_breakpoint=&#8221;600&#8243; screen_sm_items=&#8221;1&#8243; screen_sm_breakpoint=&#8221;480&#8243; gutter_size=&#8221;2&#8243; media_items=&#8221;media|custom_link|original&#8221; single_overlay_opacity=&#8221;50&#8243; single_overlay_anim=&#8221;no&#8221; single_padding=&#8221;2&#8243; single_border=&#8221;yes&#8221; uncode_shortcode_id=&#8221;269038&#8243; items=&#8221;eyI0OTBfaSI6eyJzaW5nbGVfbGluayI6InVybDpodHRwczovL2F4aW9hcnQuY29tL3x0YXJnZXQ6X2JsYW5rIn0sIjk5Ml9pIjp7InNpbmdsZV9saW5rIjoidXJsOmh0dHBzOi8vaW4ta2FsenJ0Lmh1L3x0YXJnZXQ6X2JsYW5rIn0sIjQ5Ml9pIjp7InNpbmdsZV9saW5rIjoidXJsOmh0dHBzOi8vd3d3LnVuaXFhLmh1L255aXRvbGFwfHRhcmdldDpfYmxhbmsifSwiNDkzX2kiOnsic2luZ2xlX2xpbmsiOiJ1cmw6aHR0cHM6Ly9mb3JhbnRleC5odS98dGFyZ2V0Ol9ibGFuayJ9LCI0OTRfaSI6eyJzaW5nbGVfbGluayI6InVybDpodHRwczovL3d3dy50aGVzYXVydXMuaHUvfHRhcmdldDpfYmxhbmsifX0=&#8221;][\/vc_column][\/vc_row][vc_row row_height_percent=&#8221;0&#8243; override_padding=&#8221;yes&#8221; h_padding=&#8221;2&#8243; top_padding=&#8221;3&#8243; bottom_padding=&#8221;2&#8243; overlay_alpha=&#8221;50&#8243; equal_height=&#8221;yes&#8221; gutter_size=&#8221;3&#8243; column_width_use_pixel=&#8221;yes&#8221; shift_y=&#8221;0&#8243; z_index=&#8221;0&#8243; uncode_shortcode_id=&#8221;814191&#8243; column_width_pixel=&#8221;770&#8243;][vc_column width=&#8221;1\/2&#8243;][vc_custom_heading text_font=&#8221;font-pf&#8221; text_weight=&#8221;400&#8243; uncode_shortcode_id=&#8221;886616&#8243;]Kiviteli enged\u00e9ly[\/vc_custom_heading][vc_column_text uncode_shortcode_id=&#8221;775946&#8243;]Magyarorsz\u00e1g ter\u00fclet\u00e9r\u0151l a kiviteli enged\u00e9lyk\u00f6teles kultur\u00e1lis javak ideiglenes vagy v\u00e9gleges kivitel\u00e9hez az <strong>\u00c9p\u00edt\u00e9si \u00e9s K\u00f6zleked\u00e9si Miniszt\u00e9rium M\u0171t\u00e1rgyfel\u00fcgyeleti Hat\u00f3s\u00e1gi F\u0151oszt\u00e1ly<\/strong> megfelel\u0151 enged\u00e9lye sz\u00fcks\u00e9ges. A kiviteli forgalmat \u00e9s a sz\u00fcks\u00e9ges enged\u00e9lyek megl\u00e9t\u00e9t a v\u00e1mszervek ellen\u0151rzik a r\u00e1juk vonatkoz\u00f3 nemzeti \u00e9s EU k\u00f6z\u00f6ss\u00e9gi szab\u00e1lyoz\u00e1s alapj\u00e1n.[\/vc_column_text][vc_column_text uncode_shortcode_id=&#8221;130719&#8243;]A v\u00e9gleges kiviteli enged\u00e9llyel, valamint az enged\u00e9ly n\u00e9lk\u00fcl kivihet\u0151 kultur\u00e1lis javak k\u00fclf\u00f6ldre sz\u00e1ll\u00edt\u00e1s\u00e1val (enged\u00e9lyeztet\u00e9s, csomagol\u00e1s, v\u00e1mkezel\u00e9s, sz\u00e1ll\u00edt\u00e1s) a Nagyh\u00e1zi Gal\u00e9ri\u00e1val egy\u00fcttm\u0171k\u00f6d\u0151 szak\u00e9rt\u0151 c\u00e9g foglalkozik: <a href=\"https:\/\/forantex.hu\/\" target=\"_blank\" rel=\"noopener\"><strong>FOR-AN-TEX.<\/strong><\/a>[\/vc_column_text][\/vc_column][vc_column column_width_percent=&#8221;100&#8243; gutter_size=&#8221;3&#8243; back_color=&#8221;color-xsdn&#8221; overlay_alpha=&#8221;50&#8243; preserve_border=&#8221;yes&#8221; preserve_border_tablet=&#8221;yes&#8221; preserve_border_mobile=&#8221;yes&#8221; border_color=&#8221;color-sc&#8221; border_style=&#8221;solid&#8221; shift_x=&#8221;0&#8243; shift_y=&#8221;0&#8243; shift_y_down=&#8221;0&#8243; z_index=&#8221;0&#8243; medium_width=&#8221;0&#8243; mobile_width=&#8221;0&#8243; width=&#8221;1\/2&#8243; uncode_shortcode_id=&#8221;658372&#8243; back_color_type=&#8221;uncode-palette&#8221; border_color_type=&#8221;uncode-palette&#8221; css=&#8221;.vc_custom_1719306852870{border-top-width: 3px !important;border-right-width: 3px !important;border-bottom-width: 3px !important;border-left-width: 3px !important;}&#8221;][vc_column_text uncode_shortcode_id=&#8221;718444&#8243;]<strong>\u00c9p\u00edt\u00e9si \u00e9s K\u00f6zleked\u00e9si Miniszt\u00e9rium M\u0171t\u00e1rgyfel\u00fcgyeleti Hat\u00f3s\u00e1gi F\u0151oszt\u00e1ly el\u00e9rhet\u0151s\u00e9gei:<\/strong>[\/vc_column_text][vc_column_text uncode_shortcode_id=&#8221;102683&#8243;]<strong>C\u00edm: <\/strong><br \/>1055 Budapest, K\u00e1lm\u00e1n Imre u. 2.<\/p>\n<p><strong>Telefon:<\/strong><br \/>(+36)-1-795-2510<\/p>\n<p><strong>E-mail:<\/strong><br \/>mutargy@ekm.gov.hu<\/p>\n<p><strong>M\u0171t\u00e1rgykiviteli \u00fcgyekben:<\/strong><br \/>kivitel@ekm.gov.hu[\/vc_column_text][\/vc_column][\/vc_row][vc_row row_height_percent=&#8221;0&#8243; override_padding=&#8221;yes&#8221; h_padding=&#8221;2&#8243; top_padding=&#8221;2&#8243; bottom_padding=&#8221;4&#8243; overlay_alpha=&#8221;50&#8243; gutter_size=&#8221;3&#8243; column_width_use_pixel=&#8221;yes&#8221; shift_y=&#8221;0&#8243; z_index=&#8221;0&#8243; uncode_shortcode_id=&#8221;604463&#8243; column_width_pixel=&#8221;770&#8243;][vc_column width=&#8221;1\/1&#8243;][vc_custom_heading text_font=&#8221;font-pf&#8221; text_weight=&#8221;400&#8243; uncode_shortcode_id=&#8221;720664&#8243;]Sz\u00e1ll\u00edt\u00e1s[\/vc_custom_heading][vc_column_text uncode_shortcode_id=&#8221;153351&#8243;]A Nagyh\u00e1zi Gal\u00e9ria \u00e9s Aukci\u00f3sh\u00e1z Budapesten bel\u00fcl, el\u0151zetes \u00e1r egyeztet\u00e9st k\u00f6vet\u0151en, v\u00e1llalja a c\u00e9ghez beker\u00fcl\u0151 \u00e9s visszaker\u00fcl\u0151 m\u0171t\u00e1rgyak sz\u00e1ll\u00edt\u00e1s\u00e1t. Budapesten k\u00edv\u00fcli sz\u00e1ll\u00edt\u00e1s eset\u00e9n partnerc\u00e9geink \u00e1llnak rendelkez\u00e9s\u00fckre.<\/p>\n<p>K\u00fclf\u00f6ldi sz\u00e1ll\u00edt\u00e1s eset\u00e9n partner\u00fcnk a <a href=\"https:\/\/forantex.hu\/\"><strong>FOR-AN-TEX.<\/strong><\/a>[\/vc_column_text][\/vc_column][\/vc_row]<\/p>\n<\/div>","protected":false},"excerpt":{"rendered":"<p>[vc_row row_height_percent=&#8221;0&#8243; override_padding=&#8221;yes&#8221; h_padding=&#8221;2&#8243; top_padding=&#8221;2&#8243; bottom_padding=&#8221;0&#8243; back_image=&#8221;121&#8243; back_repeat=&#8221;repeat-x&#8221; back_position=&#8221;center bottom&#8221; overlay_alpha=&#8221;50&#8243; gutter_size=&#8221;3&#8243; column_width_percent=&#8221;100&#8243; shift_y=&#8221;0&#8243; z_index=&#8221;0&#8243; uncode_shortcode_id=&#8221;314882&#8243; back_size=&#8221;600px&#8221; el_class=&#8221;section&#8211;header-pattern&#8221;][vc_column column_width_percent=&#8221;100&#8243; gutter_size=&#8221;3&#8243; [&hellip;]<\/p>\n","protected":false},"author":1,"featured_media":0,"parent":1967,"menu_order":0,"comment_status":"closed","ping_status":"closed","template":"","meta":{"_acf_changed":false,"_seopress_robots_primary_cat":"","_seopress_titles_title":"","_seopress_titles_desc":"","_seopress_robots_index":"","footnotes":""},"class_list":["post-1929","page","type-page","status-publish","hentry"],"acf":[],"_links":{"self":[{"href":"https:\/\/nagyhazi.hu\/en\/wp-json\/wp\/v2\/pages\/1929","targetHints":{"allow":["GET"]}}],"collection":[{"href":"https:\/\/nagyhazi.hu\/en\/wp-json\/wp\/v2\/pages"}],"about":[{"href":"https:\/\/nagyhazi.hu\/en\/wp-json\/wp\/v2\/types\/page"}],"author":[{"embeddable":true,"href":"https:\/\/nagyhazi.hu\/en\/wp-json\/wp\/v2\/users\/1"}],"replies":[{"embeddable":true,"href":"https:\/\/nagyhazi.hu\/en\/wp-json\/wp\/v2\/comments?post=1929"}],"version-history":[{"count":2,"href":"https:\/\/nagyhazi.hu\/en\/wp-json\/wp\/v2\/pages\/1929\/revisions"}],"predecessor-version":[{"id":1931,"href":"https:\/\/nagyhazi.hu\/en\/wp-json\/wp\/v2\/pages\/1929\/revisions\/1931"}],"up":[{"embeddable":true,"href":"https:\/\/nagyhazi.hu\/en\/wp-json\/wp\/v2\/pages\/1967"}],"wp:attachment":[{"href":"https:\/\/nagyhazi.hu\/en\/wp-json\/wp\/v2\/media?parent=1929"}],"curies":[{"name":"wp","href":"https:\/\/api.w.org\/{rel}","templated":true}]}}