{"id":1927,"date":"2024-06-13T13:06:16","date_gmt":"2024-06-13T12:06:16","guid":{"rendered":"https:\/\/nagyhazi.hu\/lorinc-nagyhazi\/"},"modified":"2025-04-04T08:49:49","modified_gmt":"2025-04-04T07:49:49","slug":"lorinc-nagyhazi","status":"publish","type":"page","link":"https:\/\/nagyhazi.hu\/en\/about-us\/lorinc-nagyhazi\/","title":{"rendered":"L\u0151rinc Nagyh\u00e1zi"},"content":{"rendered":"<div class=\"wpb-content-wrapper\"><p>[vc_row row_height_percent=&#8221;0&#8243; override_padding=&#8221;yes&#8221; h_padding=&#8221;2&#8243; top_padding=&#8221;2&#8243; bottom_padding=&#8221;0&#8243; back_image=&#8221;121&#8243; back_repeat=&#8221;repeat-x&#8221; back_position=&#8221;center bottom&#8221; overlay_alpha=&#8221;50&#8243; gutter_size=&#8221;3&#8243; column_width_percent=&#8221;100&#8243; shift_y=&#8221;0&#8243; z_index=&#8221;0&#8243; mobile_visibility=&#8221;yes&#8221; uncode_shortcode_id=&#8221;101816&#8243; back_size=&#8221;600px&#8221; el_class=&#8221;section&#8211;header-pattern&#8221;][vc_column column_width_percent=&#8221;100&#8243; gutter_size=&#8221;3&#8243; overlay_alpha=&#8221;50&#8243; shift_x=&#8221;0&#8243; shift_y=&#8221;0&#8243; shift_y_down=&#8221;0&#8243; z_index=&#8221;0&#8243; medium_width=&#8221;0&#8243; mobile_width=&#8221;0&#8243; width=&#8221;1\/1&#8243; uncode_shortcode_id=&#8221;732318&#8243;][\/vc_column][\/vc_row][vc_row row_height_percent=&#8221;0&#8243; override_padding=&#8221;yes&#8221; h_padding=&#8221;2&#8243; top_padding=&#8221;0&#8243; bottom_padding=&#8221;0&#8243; back_image=&#8221;121&#8243; back_repeat=&#8221;repeat&#8221; back_position=&#8221;center top&#8221; overlay_alpha=&#8221;100&#8243; gutter_size=&#8221;3&#8243; column_width_percent=&#8221;100&#8243; shift_y=&#8221;0&#8243; z_index=&#8221;0&#8243; uncode_shortcode_id=&#8221;169407&#8243; back_size=&#8221;600px&#8221; el_class=&#8221;section&#8211;header-banner&#8221; overlay_color_type=&#8221;uncode-gradient&#8221; overlay_color_gradient=&#8221;{&#8220;css&#8220;:&#8220;background: linear-gradient(to top , rgb(255, 255, 255) 46% , rgba(255, 255, 255, 0.13) 100%);&#8220;,&#8220;sliders&#8220;:`{`{&#8220;color&#8220;:&#8220;rgb(255, 255, 255)&#8220;,&#8220;position&#8220;:46},{&#8220;color&#8220;:&#8220;rgba(255, 255, 255, 0.13)&#8220;,&#8220;position&#8220;:100}`}`,&#8220;type&#8220;:&#8220;linear&#8220;,&#8220;direction&#8220;:&#8220;bottom&#8220;}&#8221;][vc_column column_width_percent=&#8221;100&#8243; position_vertical=&#8221;bottom&#8221; align_horizontal=&#8221;align_center&#8221; gutter_size=&#8221;3&#8243; override_padding=&#8221;yes&#8221; column_padding=&#8221;3&#8243; back_image=&#8221;883&#8243; back_position=&#8221;center top&#8221; overlay_alpha=&#8221;100&#8243; shift_x=&#8221;0&#8243; shift_y=&#8221;0&#8243; shift_y_down=&#8221;0&#8243; z_index=&#8221;0&#8243; medium_width=&#8221;0&#8243; mobile_width=&#8221;0&#8243; width=&#8221;1\/1&#8243; uncode_shortcode_id=&#8221;169137&#8243; overlay_color_type=&#8221;uncode-gradient&#8221; overlay_color_gradient=&#8221;{&#8220;css&#8220;:&#8220;background: linear-gradient(to top , rgb(43, 36, 90) , rgba(43, 36, 90, 0.45) 45% , rgba(43, 36, 90, 0) 97%);&#8220;,&#8220;sliders&#8220;:`{`{&#8220;color&#8220;:&#8220;rgb(43, 36, 90)&#8220;,&#8220;position&#8220;:0},{&#8220;color&#8220;:&#8220;rgba(43, 36, 90, 0.45)&#8220;,&#8220;position&#8220;:45},{&#8220;color&#8220;:&#8220;rgba(43, 36, 90, 0)&#8220;,&#8220;position&#8220;:97}`}`,&#8220;type&#8220;:&#8220;linear&#8220;,&#8220;direction&#8220;:&#8220;bottom&#8220;}&#8221;][vc_row_inner limit_content=&#8221;&#8221;][vc_column_inner column_width_percent=&#8221;80&#8243; position_vertical=&#8221;bottom&#8221; align_horizontal=&#8221;align_center&#8221; gutter_size=&#8221;3&#8243; style=&#8221;dark&#8221; overlay_alpha=&#8221;50&#8243; shift_x=&#8221;0&#8243; shift_y=&#8221;0&#8243; shift_y_down=&#8221;0&#8243; z_index=&#8221;0&#8243; medium_width=&#8221;0&#8243; mobile_width=&#8221;0&#8243; width=&#8221;1\/1&#8243; uncode_shortcode_id=&#8221;139807&#8243;][vc_empty_space empty_h=&#8221;5&#8243;][vc_empty_space empty_h=&#8221;4&#8243;][vc_custom_heading text_font=&#8221;font-pf&#8221; text_size=&#8221;custom&#8221; text_weight=&#8221;400&#8243; uncode_shortcode_id=&#8221;527641&#8243; heading_custom_size=&#8221;50px&#8221; subheading=&#8221;Co-owner of Nagyh\u00e1z Gallery and Auction House and the future leader of the company&#8221;]L\u0151rinc Nagyh\u00e1zi[\/vc_custom_heading][\/vc_column_inner][\/vc_row_inner][\/vc_column][\/vc_row][vc_row row_height_percent=&#8221;0&#8243; override_padding=&#8221;yes&#8221; h_padding=&#8221;2&#8243; top_padding=&#8221;0&#8243; bottom_padding=&#8221;0&#8243; overlay_alpha=&#8221;50&#8243; gutter_size=&#8221;2&#8243; column_width_percent=&#8221;100&#8243; shift_y=&#8221;0&#8243; z_index=&#8221;0&#8243; uncode_shortcode_id=&#8221;142854&#8243;][vc_column column_width_use_pixel=&#8221;yes&#8221; position_horizontal=&#8221;right&#8221; position_vertical=&#8221;middle&#8221; gutter_size=&#8221;0&#8243; overlay_alpha=&#8221;50&#8243; shift_x=&#8221;0&#8243; shift_y=&#8221;0&#8243; shift_y_down=&#8221;0&#8243; z_index=&#8221;0&#8243; medium_width=&#8221;4&#8243; mobile_width=&#8221;0&#8243; width=&#8221;1\/2&#8243; uncode_shortcode_id=&#8221;399504&#8243; column_width_pixel=&#8221;300&#8243;][vc_empty_space empty_h=&#8221;1&#8243;][vc_icon position=&#8221;left&#8221; space_reduced=&#8221;yes&#8221; icon=&#8221;fa fa-facebook1&#8243; icon_color=&#8221;color-pc&#8221; size=&#8221;fa-2x&#8221; heading_semantic=&#8221;p&#8221; text_size=&#8221;&#8221; text_weight=&#8221;700&#8243; uncode_shortcode_id=&#8221;564021&#8243; icon_color_type=&#8221;uncode-palette&#8221; title=&#8221;L\u0151rinc Nagyh\u00e1zi on Facebook&#8221;][\/vc_icon][vc_empty_space empty_h=&#8221;1&#8243; mobile_visibility=&#8221;yes&#8221;][\/vc_column][vc_column column_width_use_pixel=&#8221;yes&#8221; position_horizontal=&#8221;left&#8221; position_vertical=&#8221;middle&#8221; gutter_size=&#8221;0&#8243; overlay_alpha=&#8221;50&#8243; shift_x=&#8221;0&#8243; shift_y=&#8221;0&#8243; shift_y_down=&#8221;0&#8243; z_index=&#8221;0&#8243; medium_width=&#8221;4&#8243; mobile_width=&#8221;0&#8243; width=&#8221;1\/2&#8243; uncode_shortcode_id=&#8221;156410&#8243; column_width_pixel=&#8221;300&#8243;][vc_empty_space empty_h=&#8221;1&#8243; mobile_visibility=&#8221;yes&#8221;][vc_icon position=&#8221;left&#8221; space_reduced=&#8221;yes&#8221; icon=&#8221;fa fa-linkedin1&#8243; icon_color=&#8221;color-pc&#8221; size=&#8221;fa-2x&#8221; heading_semantic=&#8221;p&#8221; text_size=&#8221;&#8221; text_weight=&#8221;700&#8243; uncode_shortcode_id=&#8221;146411&#8243; icon_color_type=&#8221;uncode-palette&#8221; title=&#8221;L\u0151rinc Nagyh\u00e1zi on Linkedin&#8221;][\/vc_icon][vc_empty_space empty_h=&#8221;1&#8243;][\/vc_column][\/vc_row][vc_row row_height_percent=&#8221;0&#8243; override_padding=&#8221;yes&#8221; h_padding=&#8221;2&#8243; top_padding=&#8221;2&#8243; bottom_padding=&#8221;2&#8243; overlay_alpha=&#8221;50&#8243; gutter_size=&#8221;3&#8243; column_width_percent=&#8221;100&#8243; border_style=&#8221;solid&#8221; shift_y=&#8221;0&#8243; z_index=&#8221;0&#8243; uncode_shortcode_id=&#8221;195629&#8243; css=&#8221;.vc_custom_1721292383907{border-top-width: 1px !important;}&#8221; border_color_type=&#8221;uncode-solid&#8221; border_color_solid=&#8221;#edeef8&#8243;][vc_column column_width_use_pixel=&#8221;yes&#8221; gutter_size=&#8221;3&#8243; overlay_alpha=&#8221;50&#8243; shift_x=&#8221;0&#8243; shift_y=&#8221;0&#8243; shift_y_down=&#8221;0&#8243; z_index=&#8221;0&#8243; medium_width=&#8221;0&#8243; mobile_width=&#8221;0&#8243; width=&#8221;1\/1&#8243; uncode_shortcode_id=&#8221;333564&#8243; column_width_pixel=&#8221;687&#8243;][vc_column_text uncode_shortcode_id=&#8221;197299&#8243;]<strong>L\u0151rinc Nagyh\u00e1zi is the co-owner of the Nagyh\u00e1zi Gallery and Auction House and the future leader of the company, who is prepared to take over the management of the family business as the third generation. As the head of one of Hungary&#8217;s oldest antique dealers and auction houses, L\u0151rinc pays special attention to preserving traditions while introducing modern technologies. <\/strong>[\/vc_column_text][vc_empty_space empty_h=&#8221;2&#8243; mobile_visibility=&#8221;yes&#8221;][vc_custom_heading text_font=&#8221;font-pf&#8221; text_weight=&#8221;400&#8243; uncode_shortcode_id=&#8221;135240&#8243;]Family tradition and generational change[\/vc_custom_heading][vc_column_text uncode_shortcode_id=&#8221;520472&#8243;]L\u0151rinc Nagyh\u00e1zi grew up surrounded by artworks, as a result, his love for the arts shaped his life from an early age. His decision to continue his career in the family business was strengthened by the support of his family. The business values of the Nagyh\u00e1zi family, such as reliability, customer focus, and respect for traditions, are just as important to him today as they were to his predecessors.[\/vc_column_text][vc_empty_space empty_h=&#8221;2&#8243; mobile_visibility=&#8221;yes&#8221;][vc_custom_heading text_font=&#8221;font-pf&#8221; text_weight=&#8221;400&#8243; uncode_shortcode_id=&#8221;957490&#8243;]Community and cultural commitment[\/vc_custom_heading][vc_column_text uncode_shortcode_id=&#8221;734924&#8243;]L\u0151rinc Nagyh\u00e1zi emphasizes social responsibility and cultural support. The gallery serves not only as a business venture but also as a venue for community and cultural activities, where those interested in art and culture can meet, learn, and draw inspiration.[\/vc_column_text][vc_empty_space][vc_column_text uncode_shortcode_id=&#8221;136527&#8243; el_class=&#8221;text-quote&#8221;]<\/p>\n<blockquote>\n<h3><em><span class=\"font-pf\">L\u0151rinc&#8217;s activities and leadership philosophy ensure that the Nagyh\u00e1zi Gallery and Auction House continues to play an important role in Hungarian artistic life while adapting the family heritage to the needs of the 21st century. <\/span><\/em><\/h3>\n<\/blockquote>\n<p>[\/vc_column_text][\/vc_column][\/vc_row]<\/p>\n<\/div>","protected":false},"excerpt":{"rendered":"<p>[vc_row row_height_percent=&#8221;0&#8243; override_padding=&#8221;yes&#8221; h_padding=&#8221;2&#8243; top_padding=&#8221;2&#8243; bottom_padding=&#8221;0&#8243; back_image=&#8221;121&#8243; back_repeat=&#8221;repeat-x&#8221; back_position=&#8221;center bottom&#8221; overlay_alpha=&#8221;50&#8243; gutter_size=&#8221;3&#8243; column_width_percent=&#8221;100&#8243; shift_y=&#8221;0&#8243; z_index=&#8221;0&#8243; mobile_visibility=&#8221;yes&#8221; uncode_shortcode_id=&#8221;101816&#8243; back_size=&#8221;600px&#8221; el_class=&#8221;section&#8211;header-pattern&#8221;][vc_column column_width_percent=&#8221;100&#8243; [&hellip;]<\/p>\n","protected":false},"author":1,"featured_media":0,"parent":1967,"menu_order":0,"comment_status":"closed","ping_status":"closed","template":"","meta":{"_acf_changed":false,"_seopress_robots_primary_cat":"","_seopress_titles_title":"","_seopress_titles_desc":"","_seopress_robots_index":"","footnotes":""},"class_list":["post-1927","page","type-page","status-publish","hentry"],"acf":[],"_links":{"self":[{"href":"https:\/\/nagyhazi.hu\/en\/wp-json\/wp\/v2\/pages\/1927","targetHints":{"allow":["GET"]}}],"collection":[{"href":"https:\/\/nagyhazi.hu\/en\/wp-json\/wp\/v2\/pages"}],"about":[{"href":"https:\/\/nagyhazi.hu\/en\/wp-json\/wp\/v2\/types\/page"}],"author":[{"embeddable":true,"href":"https:\/\/nagyhazi.hu\/en\/wp-json\/wp\/v2\/users\/1"}],"replies":[{"embeddable":true,"href":"https:\/\/nagyhazi.hu\/en\/wp-json\/wp\/v2\/comments?post=1927"}],"version-history":[{"count":1,"href":"https:\/\/nagyhazi.hu\/en\/wp-json\/wp\/v2\/pages\/1927\/revisions"}],"predecessor-version":[{"id":1928,"href":"https:\/\/nagyhazi.hu\/en\/wp-json\/wp\/v2\/pages\/1927\/revisions\/1928"}],"up":[{"embeddable":true,"href":"https:\/\/nagyhazi.hu\/en\/wp-json\/wp\/v2\/pages\/1967"}],"wp:attachment":[{"href":"https:\/\/nagyhazi.hu\/en\/wp-json\/wp\/v2\/media?parent=1927"}],"curies":[{"name":"wp","href":"https:\/\/api.w.org\/{rel}","templated":true}]}}