{"id":1909,"date":"2024-07-09T17:09:14","date_gmt":"2024-07-09T16:09:14","guid":{"rendered":"https:\/\/nagyhazi.hu\/our-story\/"},"modified":"2025-04-09T19:00:05","modified_gmt":"2025-04-09T18:00:05","slug":"our-story","status":"publish","type":"page","link":"https:\/\/nagyhazi.hu\/en\/about-us\/our-story\/","title":{"rendered":"Our story"},"content":{"rendered":"<div class=\"wpb-content-wrapper\"><p>[vc_row row_height_percent=&#8221;0&#8243; override_padding=&#8221;yes&#8221; h_padding=&#8221;2&#8243; top_padding=&#8221;2&#8243; bottom_padding=&#8221;0&#8243; back_image=&#8221;121&#8243; back_repeat=&#8221;repeat-x&#8221; back_position=&#8221;center bottom&#8221; overlay_alpha=&#8221;50&#8243; gutter_size=&#8221;3&#8243; column_width_percent=&#8221;100&#8243; shift_y=&#8221;0&#8243; z_index=&#8221;0&#8243; mobile_visibility=&#8221;yes&#8221; uncode_shortcode_id=&#8221;406086&#8243; back_size=&#8221;600px&#8221; el_class=&#8221;section&#8211;header-pattern&#8221;][vc_column column_width_percent=&#8221;100&#8243; gutter_size=&#8221;3&#8243; overlay_alpha=&#8221;50&#8243; shift_x=&#8221;0&#8243; shift_y=&#8221;0&#8243; shift_y_down=&#8221;0&#8243; z_index=&#8221;0&#8243; medium_width=&#8221;0&#8243; mobile_width=&#8221;0&#8243; width=&#8221;1\/1&#8243; uncode_shortcode_id=&#8221;732318&#8243;][\/vc_column][\/vc_row][vc_row row_height_percent=&#8221;0&#8243; override_padding=&#8221;yes&#8221; h_padding=&#8221;2&#8243; top_padding=&#8221;0&#8243; bottom_padding=&#8221;2&#8243; back_image=&#8221;121&#8243; back_repeat=&#8221;repeat&#8221; back_position=&#8221;center top&#8221; overlay_alpha=&#8221;100&#8243; gutter_size=&#8221;3&#8243; column_width_percent=&#8221;100&#8243; shift_y=&#8221;0&#8243; z_index=&#8221;0&#8243; uncode_shortcode_id=&#8221;983984&#8243; back_size=&#8221;600px&#8221; el_class=&#8221;section&#8211;header-banner&#8221; overlay_color_type=&#8221;uncode-gradient&#8221; overlay_color_gradient=&#8221;{&#8220;css&#8220;:&#8220;background: linear-gradient(to top , rgb(255, 255, 255) 46% , rgba(255, 255, 255, 0.13) 100%);&#8220;,&#8220;sliders&#8220;:`{`{&#8220;color&#8220;:&#8220;rgb(255, 255, 255)&#8220;,&#8220;position&#8220;:46},{&#8220;color&#8220;:&#8220;rgba(255, 255, 255, 0.13)&#8220;,&#8220;position&#8220;:100}`}`,&#8220;type&#8220;:&#8220;linear&#8220;,&#8220;direction&#8220;:&#8220;bottom&#8220;}&#8221;][vc_column column_width_percent=&#8221;100&#8243; gutter_size=&#8221;3&#8243; back_image=&#8221;323&#8243; overlay_alpha=&#8221;50&#8243; shift_x=&#8221;0&#8243; shift_y=&#8221;0&#8243; shift_y_down=&#8221;0&#8243; z_index=&#8221;0&#8243; medium_width=&#8221;0&#8243; mobile_width=&#8221;0&#8243; width=&#8221;1\/1&#8243; uncode_shortcode_id=&#8221;863202&#8243;][vc_row_inner limit_content=&#8221;&#8221;][vc_column_inner column_width_percent=&#8221;100&#8243; gutter_size=&#8221;3&#8243; override_padding=&#8221;yes&#8221; column_padding=&#8221;3&#8243; style=&#8221;dark&#8221; back_color=&#8221;color-pc&#8221; overlay_alpha=&#8221;50&#8243; shift_x=&#8221;0&#8243; shift_y=&#8221;0&#8243; shift_y_down=&#8221;0&#8243; z_index=&#8221;0&#8243; medium_width=&#8221;0&#8243; mobile_width=&#8221;0&#8243; width=&#8221;1\/3&#8243; uncode_shortcode_id=&#8221;175434&#8243; back_color_type=&#8221;uncode-palette&#8221;][vc_custom_heading text_color=&#8221;color-115834&#8243; heading_semantic=&#8221;h6&#8243; text_size=&#8221;fontsize-12&#8243; text_weight=&#8221;800&#8243; text_transform=&#8221;uppercase&#8221; text_space=&#8221;fontspace-30&#8243; uncode_shortcode_id=&#8221;287474&#8243; text_color_type=&#8221;uncode-palette&#8221;]About us[\/vc_custom_heading][vc_custom_heading text_font=&#8221;font-pf&#8221; text_weight=&#8221;400&#8243; uncode_shortcode_id=&#8221;195265&#8243;]Looking back[\/vc_custom_heading][vc_column_text uncode_shortcode_id=&#8221;748721&#8243;]Nagyh\u00e1zi Gallery and Auction House was founded by the Nagyh\u00e1zi family more than four decades ago, initially starting out as a small art shop in the heart of Budapest. Over the past 40 years, our family business has gradually grown and become one of Hungary&#8217;s leading art dealers and auction houses.[\/vc_column_text][\/vc_column_inner][vc_column_inner column_width_percent=&#8221;100&#8243; gutter_size=&#8221;3&#8243; overlay_alpha=&#8221;50&#8243; shift_x=&#8221;0&#8243; shift_y=&#8221;0&#8243; shift_y_down=&#8221;0&#8243; z_index=&#8221;0&#8243; medium_width=&#8221;0&#8243; mobile_visibility=&#8221;yes&#8221; mobile_width=&#8221;0&#8243; width=&#8221;2\/3&#8243; uncode_shortcode_id=&#8221;538857&#8243;][\/vc_column_inner][\/vc_row_inner][\/vc_column][\/vc_row][vc_row][vc_column column_width_use_pixel=&#8221;yes&#8221; gutter_size=&#8221;3&#8243; override_padding=&#8221;yes&#8221; column_padding=&#8221;0&#8243; overlay_alpha=&#8221;50&#8243; shift_x=&#8221;0&#8243; shift_y=&#8221;0&#8243; shift_y_down=&#8221;0&#8243; z_index=&#8221;0&#8243; medium_width=&#8221;0&#8243; mobile_width=&#8221;0&#8243; width=&#8221;2\/3&#8243; uncode_shortcode_id=&#8221;123696&#8243; column_width_pixel=&#8221;687&#8243;][vc_custom_heading text_font=&#8221;font-pf&#8221; text_weight=&#8221;400&#8243; uncode_shortcode_id=&#8221;283630&#8243;]Foundation and Development[\/vc_custom_heading][vc_column_text uncode_shortcode_id=&#8221;100268&#8243;]Nagyh\u00e1zi Gallery was established as a continuation of a family tradition. J\u00e1nos Nagyh\u00e1zi, Csaba Nagyh\u00e1zi&#8217;s father, was born in Debrecen in 1901. At a very young age, in the 1920s, he began dealing with artworks, with a particular interest in numismatics. He managed to create an unparalleled collection that many came to admire.<br \/>\n<strong>Nagyh\u00e1zi Csaba and Marietta So\u00f3ky<\/strong> continued this tradition by opening their antique shop in 1984 on J\u00e1r\u0151r Street in nothing but a few square meters space, which by the early nineties had grown into a 200 square meter multi-level gallery, allowing them to showcase and sell the broadest range of antiques and artworks.[\/vc_column_text][vc_empty_space][vc_custom_heading text_font=&#8221;font-pf&#8221; text_weight=&#8221;400&#8243; uncode_shortcode_id=&#8221;779461&#8243;]Milestones[\/vc_custom_heading][vc_column_text uncode_shortcode_id=&#8221;243026&#8243;]The biggest milestone in the history of <strong>Nagyh\u00e1zi Gallery and Auction House<\/strong> was <strong>April 14, 1994 <\/strong>the day of its debut before the domestic audience and experts in their wonderfully spacious new location on 8 Balaton Street. Our company held its first auction there with the cooperation and assistance of London&#8217;s <strong>Sotheby&#8217;s<\/strong>. The auction was led by Peter Batkin, head of painting department, with the assistance of Countess <strong>Soraya Stubenberg<\/strong>, director of Sotheby&#8217;s Budapest office. Our 400 square meter auction room was filled to capacity. Our initiative proved to be a model to follow, as new auction houses opened one after the other in downtown Budapest following this event. This new venue allowed us to organize larger auctions and exhibitions, thus further expanding our clientele both a national and international level.<\/p>\n<p>Our gallery has remained faithful to its established business strategy since the first auction. We deal with every genre of the art market, holding 6 auctions annually with standalone catalogues, led by one of Hungary&#8217;s best auctioneers, Marietta So\u00f3ky. The high-quality exhibitions introducing the auction material, our catalogues and various printed materials, as well as the noticeable domestic and international interest in our auctions, confirm that our gallery is to this day one of the leading and defining part of the Hungarian art market.<\/p>\n<p>In addition, we host numerous social and cultural events that contribute to the growing artistic life of Budapest.[\/vc_column_text][vc_empty_space][vc_custom_heading text_font=&#8221;font-pf&#8221; text_weight=&#8221;400&#8243; uncode_shortcode_id=&#8221;110060&#8243;]Innovation and Tradition[\/vc_custom_heading][vc_column_text uncode_shortcode_id=&#8221;666886&#8243;]Through our activities, we strive to pass on not only the art objects but also the passion for art to our visitors. We proudly preserve and display the treasures of Hungarian and international artistic life, ranging from classical paintings to contemporary artworks. Through our developed expertise and dedication over the years, Nagyh\u00e1zi Gallery and Auction House has earned itself a significant role in the Hungarian art market. We owe our success to the high level of expertise and reliable work of our experts, art historians, appraisers, and restorers.[\/vc_column_text][vc_column_text uncode_shortcode_id=&#8221;582920&#8243; el_class=&#8221;text-quote&#8221;]<\/p>\n<blockquote>\n<h3><span class=\"font-pf\"><em>In addition, we host numerous social and cultural events that contribute to the growing artistic life of Budapest.<\/em><\/span><\/h3>\n<\/blockquote>\n<p>[\/vc_column_text][vc_custom_heading text_font=&#8221;font-pf&#8221; text_weight=&#8221;400&#8243; uncode_shortcode_id=&#8221;824426&#8243;]Vision[\/vc_custom_heading][vc_column_text uncode_shortcode_id=&#8221;104561&#8243;]We are committed to continuing to preserve our role as mediators of artistic values and culture. Our aim is for the Nagyh\u00e1zi Gallery and Auction House not only to serve as an auction house but also as a cultural center where people can meet, learn, and get inspired.[\/vc_column_text][vc_empty_space][vc_custom_heading text_font=&#8221;font-pf&#8221; text_weight=&#8221;400&#8243; uncode_shortcode_id=&#8221;119930&#8243;]Predictability and professionalism[\/vc_custom_heading][vc_column_text uncode_shortcode_id=&#8221;128397&#8243;]We have remained faithful to our established business strategy since our first auction. We deal with every genre of the art market, holding 6 auctions annually with standalone catalogues, led by one of Hungary&#8217;s best auctioneers, Marietta So\u00f3ky. Additionally, our activities extend to the management of legacies. We have only changed our previous practice in that we now organize our auctions by genre from the ever-increasing amount of material received. Auction days are divided into separate themes presenting paintings, sculptures, graphics, artworks, furniture, carpets, watches, jewellery, silver, and folk art.[\/vc_column_text][\/vc_column][vc_column width=&#8221;1\/3&#8243;][vc_row_inner row_inner_height_percent=&#8221;0&#8243; overlay_alpha=&#8221;50&#8243; gutter_size=&#8221;3&#8243; shift_y=&#8221;0&#8243; z_index=&#8221;0&#8243; limit_content=&#8221;&#8221; uncode_shortcode_id=&#8221;309457&#8243; el_class=&#8221;section-inner-add-border&#8221;][vc_column_inner column_width_percent=&#8221;100&#8243; gutter_size=&#8221;3&#8243; overlay_alpha=&#8221;50&#8243; shift_x=&#8221;0&#8243; shift_y=&#8221;0&#8243; shift_y_down=&#8221;0&#8243; z_index=&#8221;0&#8243; medium_width=&#8221;0&#8243; mobile_width=&#8221;0&#8243; width=&#8221;1\/1&#8243; uncode_shortcode_id=&#8221;897544&#8243;][vc_single_image media=&#8221;348&#8243; media_width_percent=&#8221;100&#8243; media_ratio=&#8221;two-one&#8221; uncode_shortcode_id=&#8221;171575&#8243; media_link=&#8221;url:https%3A%2F%2Fnagyhazi.hu%2Fen%2Fabout-us%2Fnagyhazi-csaba%2F|title:Nagyh%C3%A1zi%20Csaba&#8221;][vc_custom_heading heading_semantic=&#8221;h5&#8243; text_size=&#8221;h5&#8243; text_weight=&#8221;700&#8243; sub_reduced=&#8221;yes&#8221; uncode_shortcode_id=&#8221;177273&#8243; subheading=&#8221;(1944-2012)&#8221;]<a href=\"https:\/\/nagyhazi.hu\/en\/about-us\/nagyhazi-csaba\/\">Csaba Nagyh\u00e1zi, founder &amp; owner of the Nagyh\u00e1zi Gallery and Auction House (1944-2012)<\/a>[\/vc_custom_heading][vc_icon position=&#8221;right&#8221; icon_image=&#8221;338&#8243; linked_title=&#8221;yes&#8221; uncode_shortcode_id=&#8221;178196&#8243; link=&#8221;url:https%3A%2F%2Fnagyhazi.hu%2Fen%2Fabout-us%2Fnagyhazi-csaba%2F|title:Nagyh%C3%A1zi%20Csaba&#8221;][\/vc_icon][\/vc_column_inner][\/vc_row_inner][\/vc_column][\/vc_row]<\/p>\n<\/div>","protected":false},"excerpt":{"rendered":"<p>[vc_row row_height_percent=&#8221;0&#8243; override_padding=&#8221;yes&#8221; h_padding=&#8221;2&#8243; top_padding=&#8221;2&#8243; bottom_padding=&#8221;0&#8243; back_image=&#8221;121&#8243; back_repeat=&#8221;repeat-x&#8221; back_position=&#8221;center bottom&#8221; overlay_alpha=&#8221;50&#8243; gutter_size=&#8221;3&#8243; column_width_percent=&#8221;100&#8243; shift_y=&#8221;0&#8243; z_index=&#8221;0&#8243; mobile_visibility=&#8221;yes&#8221; uncode_shortcode_id=&#8221;406086&#8243; back_size=&#8221;600px&#8221; el_class=&#8221;section&#8211;header-pattern&#8221;][vc_column column_width_percent=&#8221;100&#8243; [&hellip;]<\/p>\n","protected":false},"author":1,"featured_media":0,"parent":1967,"menu_order":0,"comment_status":"closed","ping_status":"closed","template":"","meta":{"_acf_changed":false,"_seopress_robots_primary_cat":"","_seopress_titles_title":"","_seopress_titles_desc":"","_seopress_robots_index":"","footnotes":""},"class_list":["post-1909","page","type-page","status-publish","hentry"],"acf":[],"_links":{"self":[{"href":"https:\/\/nagyhazi.hu\/en\/wp-json\/wp\/v2\/pages\/1909","targetHints":{"allow":["GET"]}}],"collection":[{"href":"https:\/\/nagyhazi.hu\/en\/wp-json\/wp\/v2\/pages"}],"about":[{"href":"https:\/\/nagyhazi.hu\/en\/wp-json\/wp\/v2\/types\/page"}],"author":[{"embeddable":true,"href":"https:\/\/nagyhazi.hu\/en\/wp-json\/wp\/v2\/users\/1"}],"replies":[{"embeddable":true,"href":"https:\/\/nagyhazi.hu\/en\/wp-json\/wp\/v2\/comments?post=1909"}],"version-history":[{"count":7,"href":"https:\/\/nagyhazi.hu\/en\/wp-json\/wp\/v2\/pages\/1909\/revisions"}],"predecessor-version":[{"id":2191,"href":"https:\/\/nagyhazi.hu\/en\/wp-json\/wp\/v2\/pages\/1909\/revisions\/2191"}],"up":[{"embeddable":true,"href":"https:\/\/nagyhazi.hu\/en\/wp-json\/wp\/v2\/pages\/1967"}],"wp:attachment":[{"href":"https:\/\/nagyhazi.hu\/en\/wp-json\/wp\/v2\/media?parent=1909"}],"curies":[{"name":"wp","href":"https:\/\/api.w.org\/{rel}","templated":true}]}}